{"id":3216,"date":"2012-11-23T13:52:32","date_gmt":"2012-11-23T11:52:32","guid":{"rendered":"https:\/\/www.imotz.eus\/udala\/organizacion-municipal\/"},"modified":"2025-03-06T10:46:52","modified_gmt":"2025-03-06T10:46:52","slug":"udal-antolaketa","status":"publish","type":"page","link":"https:\/\/www.imotz.eus\/eu\/udala\/udal-antolaketa\/","title":{"rendered":"Udal Antolaketa"},"content":{"rendered":"<div class=\"gb-container gb-container-c404c6d0\">\n<div class=\"gb-container gb-container-419a9510\">\n\n<h5 class=\"gb-headline gb-headline-8fcdc6df gb-headline-text\">Alkatea<\/h5>\n\n\n\n<p class=\"has-text-align-center\">Alfredo Alzueta Unzu\u00e9<\/p>\n\n\n\n<p class=\"gb-headline gb-headline-79f64538 gb-headline-text\">EH Bildu<\/p>\n\n<\/div>\n\n<div class=\"gb-container gb-container-18878eb1\">\n<div class=\"gb-container gb-container-39fbfef4\">\n<div class=\"gb-grid-wrapper gb-grid-wrapper-9e86f07e\">\n<div class=\"gb-grid-column gb-grid-column-5428b0a3\"><div class=\"gb-container gb-container-5428b0a3\">\n\n<h5 class=\"gb-headline gb-headline-0b0c4bed gb-headline-text\">Alkateordea<\/h5>\n\n\n\n<p class=\"has-text-align-center\">Hodei Arada Goyalde<\/p>\n\n\n\n<p class=\"has-text-align-center has-base-2-background-color has-background has-small-font-size\" style=\"font-style:normal;font-weight:100\">EH Bildu<\/p>\n\n<\/div><\/div>\n\n<div class=\"gb-grid-column gb-grid-column-2d6a50eb\"><div class=\"gb-container gb-container-2d6a50eb\">\n\n<h5 class=\"gb-headline gb-headline-7f4284f8 gb-headline-text\">Zinegotzia<\/h5>\n\n\n\n<p class=\"has-text-align-center\">Patxi Xabier Iturrioz Garmendia<\/p>\n\n\n\n<p class=\"has-text-align-center has-base-2-background-color has-background has-small-font-size\" style=\"font-style:normal;font-weight:100\">EH Bildu<\/p>\n\n<\/div><\/div>\n\n<div class=\"gb-grid-column gb-grid-column-44ac47e1\"><div class=\"gb-container gb-container-44ac47e1\">\n\n<h5 class=\"gb-headline gb-headline-4afad1ea gb-headline-text\">Zinegotzia<\/h5>\n\n\n\n<p class=\"has-text-align-center\">David Iba\u00f1ez Lacruz<\/p>\n\n\n\n<p class=\"has-text-align-center has-base-2-background-color has-background has-small-font-size\" style=\"font-style:normal;font-weight:100\">EH Bildu<\/p>\n\n<\/div><\/div>\n<\/div>\n<\/div>\n\n<div class=\"gb-container gb-container-56d2f1e4\">\n<div class=\"gb-grid-wrapper gb-grid-wrapper-82e3e3cf\">\n<div class=\"gb-grid-column gb-grid-column-6e9d6252\"><div class=\"gb-container gb-container-6e9d6252\">\n\n<h5 class=\"gb-headline gb-headline-9f1252f8 gb-headline-text\">Zinegotzia<\/h5>\n\n\n\n<p class=\"has-text-align-center\">Jose Angel Iturralde Vildarraz<\/p>\n\n\n\n<p class=\"has-text-align-center has-base-2-background-color has-background has-small-font-size\" style=\"font-style:normal;font-weight:100\">EH Bildu<\/p>\n\n<\/div><\/div>\n\n<div class=\"gb-grid-column gb-grid-column-18cd80c4\"><div class=\"gb-container gb-container-18cd80c4\">\n\n<h5 class=\"gb-headline gb-headline-a0077130 gb-headline-text\">Zinegotzia<\/h5>\n\n\n\n<p class=\"has-text-align-center\">Idoia Jusu\u00e9 Martiarena<\/p>\n\n\n\n<p class=\"has-text-align-center has-base-2-background-color has-background has-small-font-size\" style=\"font-style:normal;font-weight:100\">EH Bildu<\/p>\n\n<\/div><\/div>\n\n<div class=\"gb-grid-column gb-grid-column-28ea07cd\"><div class=\"gb-container gb-container-28ea07cd\">\n\n<h5 class=\"gb-headline gb-headline-c8e4b0b5 gb-headline-text\">Zinegotzia<\/h5>\n\n\n\n<p class=\"has-text-align-center\">M\u00aa Teresa Ayestar\u00e1n Osinaga<\/p>\n\n\n\n<p class=\"has-text-align-center has-base-2-background-color has-background has-small-font-size\" style=\"font-style:normal;font-weight:100\">EH Bildu<\/p>\n\n<\/div><\/div>\n<\/div>\n<\/div>\n<\/div>\n\n<div class=\"gb-container gb-container-5265e1be\">\n\n<h3 class=\"gb-headline gb-headline-19ce39ba gb-headline-text\">Idazkaria<\/h3>\n\n\n\n<p class=\"has-text-align-center\">LUCIA BELOQUI IRIARTE<\/p>\n\n<\/div>\n\n\n<div style=\"height:60px\" aria-hidden=\"true\" class=\"wp-block-spacer\"><\/div>\n\n<\/div>\n\n<div class=\"gb-container gb-container-4817beac\">\n\n<h2 class=\"gb-headline gb-headline-67d5944a gb-headline-text\">Udal Batzordeak<\/h2>\n\n\n\n<figure class=\"wp-block-table is-style-regular\"><table><thead><tr><th>BATZORDEA<\/th><th>ARDURADUNAK<\/th><\/tr><\/thead><tbody><tr><td rowspan=\"4\"><strong>KONTUEN BATZORDEA<\/strong><\/td><\/tr><tr><td>Alfredo Alzueta Unzu\u00e9<\/td><\/tr><tr><td>Hodei Arada Goyalde<\/td><\/tr><tr><td>Jose Angel Iturralde Vildarraz<\/td><\/tr><tr><td rowspan=\"3\"><strong>HIRIGINTZA BATZORDEA<\/strong><\/td><\/tr><tr><td>Alfredo Alzueta Unzu\u00e9<\/td><\/tr><tr><td>David Iba\u00f1ez Lacruz<\/td><\/tr><tr><td rowspan=\"4\"><strong>EUSKERA ETA KULTURA BATZORDEA<\/strong><\/td><\/tr><tr><td>Patxi Xabier Iturrioz Garmendia<\/td><\/tr><tr><td>Idoia Jusu\u00e9 Martiarena<\/td><\/tr><tr><td>M\u00aa Teresa Ayestar\u00e1n Osinaga<\/td><\/tr><tr><td rowspan=\"4\"><strong>BERDINTASUN BATZORDEA<\/strong><\/td><\/tr><tr><td>M\u00aa Idoia Jusu\u00e9 Martiarena<\/td><\/tr><tr><td>M\u00aa Teresa Ayestar\u00e1n Osinaga<\/td><\/tr><tr><td>David Iba\u00f1ez Lacruz<\/td><\/tr><\/tbody><\/table><\/figure>\n\n\n\n<div style=\"height:60px\" aria-hidden=\"true\" class=\"wp-block-spacer\"><\/div>\n\n<\/div>\n\n<div class=\"gb-container gb-container-fb849c9b\">\n\n<h2 class=\"gb-headline gb-headline-20a8ca3c gb-headline-text\">Erakunde eta elkarteetako ordezkariak<\/h2>\n\n<\/div>\n\n\n<h4 class=\"gb-headline gb-headline-17e1f3a2 gb-headline-text\">Iparraldeko zonaldeko Euskara Mankomunitatea <\/h4>\n\n\n\n<p>Patxi Xabier Iturriotz como representante eta M\u00aa Teresa Ayestar\u00e1n como suplente.<\/p>\n\n\n\n<h4 class=\"gb-headline gb-headline-b29e6023 gb-headline-text\">Kontzeju eta Udalerrien Nafarroako Federazioa. <\/h4>\n\n\n\n<p>Alfredo Alzueta eta David Ib\u00e1\u00f1ez.<\/p>\n\n\n\n<h4 class=\"gb-headline gb-headline-0cf9fe06 gb-headline-text\">Irurtzungo Gizarte Zerbitzuen Mankomunitatea. <\/h4>\n\n\n\n<p>Idoia Jusue eta Hodei Arada.<\/p>\n\n\n\n<h4 class=\"gb-headline gb-headline-0694e4da gb-headline-text\">Cederna Garalur eta Mendialdeko Mankomunitatea. <\/h4>\n\n\n\n<p>Jose Angel Iturralde eta M\u00aa Teresa Ayestar\u00e1n.<\/p>\n\n\n\n<h4 class=\"gb-headline gb-headline-11a3d9c0 gb-headline-text\">Kirol Batzordea. <\/h4>\n\n\n\n<p>Patxi Xabier Iturriotz eta M\u00aa Teresa Ayestar\u00e1n<\/p>\n\n\n\n<h4 class=\"gb-headline gb-headline-0f951d89 gb-headline-text\">Orve. <\/h4>\n\n\n\n<p>Alfredo Alzueta eta David Ib\u00e1\u00f1ez<\/p>\n\n\n\n<h4 class=\"gb-headline gb-headline-0332d89f gb-headline-text\">Ametza. <\/h4>\n\n\n\n<p>Patxi Xabier Iturriotz y M\u00aa Teresa Ayestar\u00e1n<\/p>\n\n\n\n<h4 class=\"gb-headline gb-headline-e010ed46 gb-headline-text\">Iru\u00f1erriko Mankomunitatea. <\/h4>\n\n\n\n<p>Hodei Arada eta David Ib\u00e1\u00f1ez.<\/p>\n\n\n\n<h4 class=\"gb-headline gb-headline-4d256aae gb-headline-text\">Osasun Kontseilua. <\/h4>\n\n\n\n<p>Hodei Arada eta Alfredo Alzueta.<\/p>\n\n\n\n<h4 class=\"gb-headline gb-headline-425771d2 gb-headline-text\">Basaburua-Imotz Udal Elkartzea. <\/h4>\n\n\n\n<p>Alfredo Alzueta, Patxi Xabier Iturriotz eta Idoia Jusue.<\/p>\n\n\n\n<h4 class=\"gb-headline gb-headline-2862d6e6 gb-headline-text\">Plazaola Partzuergo Turistikoa. <\/h4>\n\n\n\n<p>Jose Angel Iturralde<\/p>\n\n\n\n<h4 class=\"gb-headline gb-headline-a192a033 gb-headline-text\">Irurtzungo Atakondoa eskola. <\/h4>\n\n\n\n<p>Hodei Arada eta Idoia Jusue.<\/p>\n\n\n\n<h4 class=\"gb-headline gb-headline-71576e0d gb-headline-text\">Musika eskola. <\/h4>\n\n\n\n<p>Hodei Arada eta Idoia Jusue.<\/p>\n\n\n\n<p><\/p>\n\n\n\n<div style=\"height:60px\" aria-hidden=\"true\" class=\"wp-block-spacer\"><\/div>\n","protected":false},"excerpt":{"rendered":"<p>Alkatea Alfredo Alzueta Unzu\u00e9 EH Bildu Idazkaria LUCIA BELOQUI IRIARTE Udal Batzordeak BATZORDEA ARDURADUNAK KONTUEN BATZORDEA Alfredo Alzueta Unzu\u00e9 Hodei Arada Goyalde Jose Angel Iturralde Vildarraz HIRIGINTZA BATZORDEA Alfredo Alzueta Unzu\u00e9 David Iba\u00f1ez Lacruz EUSKERA &#8230; <\/p>\n<p class=\"read-more-container\"><a title=\"Udal Antolaketa\" class=\"read-more button\" href=\"https:\/\/www.imotz.eus\/eu\/udala\/udal-antolaketa\/#more-3216\" aria-label=\"Read more about Udal Antolaketa\">Read more<\/a><\/p>\n","protected":false},"author":2,"featured_media":0,"parent":1413,"menu_order":0,"comment_status":"closed","ping_status":"closed","template":"","meta":{"ngg_post_thumbnail":0,"footnotes":""},"class_list":["post-3216","page","type-page","status-publish"],"_links":{"self":[{"href":"https:\/\/www.imotz.eus\/eu\/wp-json\/wp\/v2\/pages\/3216","targetHints":{"allow":["GET"]}}],"collection":[{"href":"https:\/\/www.imotz.eus\/eu\/wp-json\/wp\/v2\/pages"}],"about":[{"href":"https:\/\/www.imotz.eus\/eu\/wp-json\/wp\/v2\/types\/page"}],"author":[{"embeddable":true,"href":"https:\/\/www.imotz.eus\/eu\/wp-json\/wp\/v2\/users\/2"}],"replies":[{"embeddable":true,"href":"https:\/\/www.imotz.eus\/eu\/wp-json\/wp\/v2\/comments?post=3216"}],"version-history":[{"count":2,"href":"https:\/\/www.imotz.eus\/eu\/wp-json\/wp\/v2\/pages\/3216\/revisions"}],"predecessor-version":[{"id":3219,"href":"https:\/\/www.imotz.eus\/eu\/wp-json\/wp\/v2\/pages\/3216\/revisions\/3219"}],"up":[{"embeddable":true,"href":"https:\/\/www.imotz.eus\/eu\/wp-json\/wp\/v2\/pages\/1413"}],"wp:attachment":[{"href":"https:\/\/www.imotz.eus\/eu\/wp-json\/wp\/v2\/media?parent=3216"}],"curies":[{"name":"wp","href":"https:\/\/api.w.org\/{rel}","templated":true}]}}